{"id":111,"date":"2024-10-09T18:09:16","date_gmt":"2024-10-09T16:09:16","guid":{"rendered":"https:\/\/pharmalille.net\/?page_id=111"},"modified":"2025-05-11T19:35:38","modified_gmt":"2025-05-11T17:35:38","slug":"commissions","status":"publish","type":"page","link":"https:\/\/pharmalille.net\/index.php\/commissions\/","title":{"rendered":"Les commissions"},"content":{"rendered":"\t\t<div data-elementor-type=\"wp-page\" data-elementor-id=\"111\" class=\"elementor elementor-111\">\n\t\t\t\t<div class=\"elementor-element elementor-element-70baf58 e-flex e-con-boxed e-con e-parent\" data-id=\"70baf58\" data-element_type=\"container\" data-e-type=\"container\">\n\t\t\t\t\t<div class=\"e-con-inner\">\n\t\t\t\t<div class=\"elementor-element elementor-element-7d10693 elementor-widget elementor-widget-heading\" data-id=\"7d10693\" data-element_type=\"widget\" data-e-type=\"widget\" data-widget_type=\"heading.default\">\n\t\t\t\t<div class=\"elementor-widget-container\">\n\t\t\t\t\t<h2 class=\"elementor-heading-title elementor-size-default\">Les commissions<\/h2>\t\t\t\t<\/div>\n\t\t\t\t<\/div>\n\t\t\t\t\t<\/div>\n\t\t\t\t<\/div>\n\t\t<div class=\"elementor-element elementor-element-0fb6707 e-flex e-con-boxed e-con e-parent\" data-id=\"0fb6707\" data-element_type=\"container\" data-e-type=\"container\">\n\t\t\t\t\t<div class=\"e-con-inner\">\n\t\t\t\t<div class=\"elementor-element elementor-element-09913b2 elementor-widget elementor-widget-text-editor\" data-id=\"09913b2\" data-element_type=\"widget\" data-e-type=\"widget\" data-widget_type=\"text-editor.default\">\n\t\t\t\t<div class=\"elementor-widget-container\">\n\t\t\t\t\t\t\t\t\t<p>Les commissions r\u00e9alisent de tr\u00e8s nombreux projets durant leur mandat. N&rsquo;h\u00e9site pas \u00e0 demander ce que font les commissions si l&rsquo;une d&rsquo;entre elles t&rsquo;int\u00e9resse.\u00a0<\/p>\t\t\t\t\t\t\t\t<\/div>\n\t\t\t\t<\/div>\n\t\t\t\t\t<\/div>\n\t\t\t\t<\/div>\n\t\t<div class=\"elementor-element elementor-element-d25e282 e-flex e-con-boxed e-con e-parent\" data-id=\"d25e282\" data-element_type=\"container\" data-e-type=\"container\">\n\t\t\t\t\t<div class=\"e-con-inner\">\n\t\t<div class=\"elementor-element elementor-element-bc1dc7f e-con-full e-flex e-con e-child\" data-id=\"bc1dc7f\" data-element_type=\"container\" data-e-type=\"container\">\n\t\t\t\t<div class=\"elementor-element elementor-element-589b837 elementor-widget elementor-widget-image\" data-id=\"589b837\" data-element_type=\"widget\" data-e-type=\"widget\" data-widget_type=\"image.default\">\n\t\t\t\t<div class=\"elementor-widget-container\">\n\t\t\t\t\t\t\t\t\t\t\t\t\t\t\t<img fetchpriority=\"high\" decoding=\"async\" width=\"724\" height=\"1024\" src=\"https:\/\/pharmalille.net\/wp-content\/uploads\/2025\/01\/f5112f73-f283-4057-a45a-1bffbb19ce9b-724x1024.jpg\" class=\"attachment-large size-large wp-image-242\" alt=\"\" srcset=\"https:\/\/pharmalille.net\/wp-content\/uploads\/2025\/01\/f5112f73-f283-4057-a45a-1bffbb19ce9b-724x1024.jpg 724w, https:\/\/pharmalille.net\/wp-content\/uploads\/2025\/01\/f5112f73-f283-4057-a45a-1bffbb19ce9b-212x300.jpg 212w, https:\/\/pharmalille.net\/wp-content\/uploads\/2025\/01\/f5112f73-f283-4057-a45a-1bffbb19ce9b-768x1086.jpg 768w, https:\/\/pharmalille.net\/wp-content\/uploads\/2025\/01\/f5112f73-f283-4057-a45a-1bffbb19ce9b-1086x1536.jpg 1086w, https:\/\/pharmalille.net\/wp-content\/uploads\/2025\/01\/f5112f73-f283-4057-a45a-1bffbb19ce9b.jpg 1414w\" sizes=\"(max-width: 724px) 100vw, 724px\" \/>\t\t\t\t\t\t\t\t\t\t\t\t\t\t\t<\/div>\n\t\t\t\t<\/div>\n\t\t\t\t<\/div>\n\t\t<div class=\"elementor-element elementor-element-a41b179 e-con-full e-flex e-con e-child\" data-id=\"a41b179\" data-element_type=\"container\" data-e-type=\"container\">\n\t\t\t\t<div class=\"elementor-element elementor-element-f3ad4db elementor-widget elementor-widget-image\" data-id=\"f3ad4db\" data-element_type=\"widget\" data-e-type=\"widget\" data-widget_type=\"image.default\">\n\t\t\t\t<div class=\"elementor-widget-container\">\n\t\t\t\t\t\t\t\t\t\t\t\t\t\t\t<img decoding=\"async\" width=\"724\" height=\"1024\" src=\"https:\/\/pharmalille.net\/wp-content\/uploads\/2025\/01\/f76bb3fa-e3d0-48e9-bdb4-ed7760f9ae6e-724x1024.jpg\" class=\"attachment-large size-large wp-image-241\" alt=\"\" srcset=\"https:\/\/pharmalille.net\/wp-content\/uploads\/2025\/01\/f76bb3fa-e3d0-48e9-bdb4-ed7760f9ae6e-724x1024.jpg 724w, https:\/\/pharmalille.net\/wp-content\/uploads\/2025\/01\/f76bb3fa-e3d0-48e9-bdb4-ed7760f9ae6e-212x300.jpg 212w, https:\/\/pharmalille.net\/wp-content\/uploads\/2025\/01\/f76bb3fa-e3d0-48e9-bdb4-ed7760f9ae6e-768x1086.jpg 768w, https:\/\/pharmalille.net\/wp-content\/uploads\/2025\/01\/f76bb3fa-e3d0-48e9-bdb4-ed7760f9ae6e-1086x1536.jpg 1086w, https:\/\/pharmalille.net\/wp-content\/uploads\/2025\/01\/f76bb3fa-e3d0-48e9-bdb4-ed7760f9ae6e.jpg 1414w\" sizes=\"(max-width: 724px) 100vw, 724px\" \/>\t\t\t\t\t\t\t\t\t\t\t\t\t\t\t<\/div>\n\t\t\t\t<\/div>\n\t\t\t\t<\/div>\n\t\t<div class=\"elementor-element elementor-element-d53b939 e-con-full e-flex e-con e-child\" data-id=\"d53b939\" data-element_type=\"container\" data-e-type=\"container\">\n\t\t\t\t<div class=\"elementor-element elementor-element-6e63632 elementor-widget elementor-widget-image\" data-id=\"6e63632\" data-element_type=\"widget\" data-e-type=\"widget\" data-widget_type=\"image.default\">\n\t\t\t\t<div class=\"elementor-widget-container\">\n\t\t\t\t\t\t\t\t\t\t\t\t\t\t\t<img decoding=\"async\" width=\"724\" height=\"1024\" src=\"https:\/\/pharmalille.net\/wp-content\/uploads\/2025\/01\/ed247f86-c567-437b-bbc0-ab8105f1817f-724x1024.jpg\" class=\"attachment-large size-large wp-image-240\" alt=\"\" srcset=\"https:\/\/pharmalille.net\/wp-content\/uploads\/2025\/01\/ed247f86-c567-437b-bbc0-ab8105f1817f-724x1024.jpg 724w, https:\/\/pharmalille.net\/wp-content\/uploads\/2025\/01\/ed247f86-c567-437b-bbc0-ab8105f1817f-212x300.jpg 212w, https:\/\/pharmalille.net\/wp-content\/uploads\/2025\/01\/ed247f86-c567-437b-bbc0-ab8105f1817f-768x1086.jpg 768w, https:\/\/pharmalille.net\/wp-content\/uploads\/2025\/01\/ed247f86-c567-437b-bbc0-ab8105f1817f-1086x1536.jpg 1086w, https:\/\/pharmalille.net\/wp-content\/uploads\/2025\/01\/ed247f86-c567-437b-bbc0-ab8105f1817f.jpg 1414w\" sizes=\"(max-width: 724px) 100vw, 724px\" \/>\t\t\t\t\t\t\t\t\t\t\t\t\t\t\t<\/div>\n\t\t\t\t<\/div>\n\t\t\t\t<\/div>\n\t\t<div class=\"elementor-element elementor-element-2e6aa4b e-con-full e-flex e-con e-child\" data-id=\"2e6aa4b\" data-element_type=\"container\" data-e-type=\"container\">\n\t\t\t\t<div class=\"elementor-element elementor-element-7b0e8a4 elementor-widget elementor-widget-image\" data-id=\"7b0e8a4\" data-element_type=\"widget\" data-e-type=\"widget\" data-widget_type=\"image.default\">\n\t\t\t\t<div class=\"elementor-widget-container\">\n\t\t\t\t\t\t\t\t\t\t\t\t\t\t\t<img loading=\"lazy\" decoding=\"async\" width=\"724\" height=\"1024\" src=\"https:\/\/pharmalille.net\/wp-content\/uploads\/2025\/01\/e2e6c24c-3289-4585-aae3-26fe6fab08c3-724x1024.jpg\" class=\"attachment-large size-large wp-image-239\" alt=\"\" srcset=\"https:\/\/pharmalille.net\/wp-content\/uploads\/2025\/01\/e2e6c24c-3289-4585-aae3-26fe6fab08c3-724x1024.jpg 724w, https:\/\/pharmalille.net\/wp-content\/uploads\/2025\/01\/e2e6c24c-3289-4585-aae3-26fe6fab08c3-212x300.jpg 212w, https:\/\/pharmalille.net\/wp-content\/uploads\/2025\/01\/e2e6c24c-3289-4585-aae3-26fe6fab08c3-768x1086.jpg 768w, https:\/\/pharmalille.net\/wp-content\/uploads\/2025\/01\/e2e6c24c-3289-4585-aae3-26fe6fab08c3-1086x1536.jpg 1086w, https:\/\/pharmalille.net\/wp-content\/uploads\/2025\/01\/e2e6c24c-3289-4585-aae3-26fe6fab08c3.jpg 1414w\" sizes=\"(max-width: 724px) 100vw, 724px\" \/>\t\t\t\t\t\t\t\t\t\t\t\t\t\t\t<\/div>\n\t\t\t\t<\/div>\n\t\t\t\t<\/div>\n\t\t<div class=\"elementor-element elementor-element-eae8a82 e-con-full e-flex e-con e-child\" data-id=\"eae8a82\" data-element_type=\"container\" data-e-type=\"container\">\n\t\t\t\t<div class=\"elementor-element elementor-element-82536fe elementor-widget elementor-widget-image\" data-id=\"82536fe\" data-element_type=\"widget\" data-e-type=\"widget\" data-widget_type=\"image.default\">\n\t\t\t\t<div class=\"elementor-widget-container\">\n\t\t\t\t\t\t\t\t\t\t\t\t\t\t\t<img loading=\"lazy\" decoding=\"async\" width=\"724\" height=\"1024\" src=\"https:\/\/pharmalille.net\/wp-content\/uploads\/2025\/01\/ce70c7d4-a4a9-47f3-9654-ade082696295-724x1024.jpg\" class=\"attachment-large size-large wp-image-238\" alt=\"\" srcset=\"https:\/\/pharmalille.net\/wp-content\/uploads\/2025\/01\/ce70c7d4-a4a9-47f3-9654-ade082696295-724x1024.jpg 724w, https:\/\/pharmalille.net\/wp-content\/uploads\/2025\/01\/ce70c7d4-a4a9-47f3-9654-ade082696295-212x300.jpg 212w, https:\/\/pharmalille.net\/wp-content\/uploads\/2025\/01\/ce70c7d4-a4a9-47f3-9654-ade082696295-768x1086.jpg 768w, https:\/\/pharmalille.net\/wp-content\/uploads\/2025\/01\/ce70c7d4-a4a9-47f3-9654-ade082696295-1086x1536.jpg 1086w, https:\/\/pharmalille.net\/wp-content\/uploads\/2025\/01\/ce70c7d4-a4a9-47f3-9654-ade082696295.jpg 1414w\" sizes=\"(max-width: 724px) 100vw, 724px\" \/>\t\t\t\t\t\t\t\t\t\t\t\t\t\t\t<\/div>\n\t\t\t\t<\/div>\n\t\t\t\t<\/div>\n\t\t<div class=\"elementor-element elementor-element-a02338c e-con-full e-flex e-con e-child\" data-id=\"a02338c\" data-element_type=\"container\" data-e-type=\"container\">\n\t\t\t\t<div class=\"elementor-element elementor-element-90b7c9b elementor-widget elementor-widget-image\" data-id=\"90b7c9b\" data-element_type=\"widget\" data-e-type=\"widget\" data-widget_type=\"image.default\">\n\t\t\t\t<div class=\"elementor-widget-container\">\n\t\t\t\t\t\t\t\t\t\t\t\t\t\t\t<img loading=\"lazy\" decoding=\"async\" width=\"724\" height=\"1024\" src=\"https:\/\/pharmalille.net\/wp-content\/uploads\/2025\/01\/c34de757-7902-4ab6-a1d2-335e240965e4-724x1024.jpg\" class=\"attachment-large size-large wp-image-236\" alt=\"\" srcset=\"https:\/\/pharmalille.net\/wp-content\/uploads\/2025\/01\/c34de757-7902-4ab6-a1d2-335e240965e4-724x1024.jpg 724w, https:\/\/pharmalille.net\/wp-content\/uploads\/2025\/01\/c34de757-7902-4ab6-a1d2-335e240965e4-212x300.jpg 212w, https:\/\/pharmalille.net\/wp-content\/uploads\/2025\/01\/c34de757-7902-4ab6-a1d2-335e240965e4-768x1086.jpg 768w, https:\/\/pharmalille.net\/wp-content\/uploads\/2025\/01\/c34de757-7902-4ab6-a1d2-335e240965e4-1086x1536.jpg 1086w, https:\/\/pharmalille.net\/wp-content\/uploads\/2025\/01\/c34de757-7902-4ab6-a1d2-335e240965e4.jpg 1414w\" sizes=\"(max-width: 724px) 100vw, 724px\" \/>\t\t\t\t\t\t\t\t\t\t\t\t\t\t\t<\/div>\n\t\t\t\t<\/div>\n\t\t\t\t<\/div>\n\t\t\t\t\t<\/div>\n\t\t\t\t<\/div>\n\t\t<div class=\"elementor-element elementor-element-def1b15 e-flex e-con-boxed e-con e-parent\" data-id=\"def1b15\" data-element_type=\"container\" data-e-type=\"container\">\n\t\t\t\t\t<div class=\"e-con-inner\">\n\t\t<div class=\"elementor-element elementor-element-455f21d e-con-full e-flex e-con e-child\" data-id=\"455f21d\" data-element_type=\"container\" data-e-type=\"container\">\n\t\t\t\t<div class=\"elementor-element elementor-element-114ed51 elementor-widget elementor-widget-image\" data-id=\"114ed51\" data-element_type=\"widget\" data-e-type=\"widget\" data-widget_type=\"image.default\">\n\t\t\t\t<div class=\"elementor-widget-container\">\n\t\t\t\t\t\t\t\t\t\t\t\t\t\t\t<img loading=\"lazy\" decoding=\"async\" width=\"724\" height=\"1024\" src=\"https:\/\/pharmalille.net\/wp-content\/uploads\/2025\/05\/3dd16f5c-0528-4e46-8af0-1e8fb4fd3cc5-724x1024.jpg\" class=\"attachment-large size-large wp-image-385\" alt=\"\" srcset=\"https:\/\/pharmalille.net\/wp-content\/uploads\/2025\/05\/3dd16f5c-0528-4e46-8af0-1e8fb4fd3cc5-724x1024.jpg 724w, https:\/\/pharmalille.net\/wp-content\/uploads\/2025\/05\/3dd16f5c-0528-4e46-8af0-1e8fb4fd3cc5-212x300.jpg 212w, https:\/\/pharmalille.net\/wp-content\/uploads\/2025\/05\/3dd16f5c-0528-4e46-8af0-1e8fb4fd3cc5-768x1086.jpg 768w, https:\/\/pharmalille.net\/wp-content\/uploads\/2025\/05\/3dd16f5c-0528-4e46-8af0-1e8fb4fd3cc5-1086x1536.jpg 1086w, https:\/\/pharmalille.net\/wp-content\/uploads\/2025\/05\/3dd16f5c-0528-4e46-8af0-1e8fb4fd3cc5.jpg 1414w\" sizes=\"(max-width: 724px) 100vw, 724px\" \/>\t\t\t\t\t\t\t\t\t\t\t\t\t\t\t<\/div>\n\t\t\t\t<\/div>\n\t\t\t\t<\/div>\n\t\t<div class=\"elementor-element elementor-element-52f86c0 e-con-full e-flex e-con e-child\" data-id=\"52f86c0\" data-element_type=\"container\" data-e-type=\"container\">\n\t\t\t\t<div class=\"elementor-element elementor-element-5fc0da3 elementor-widget elementor-widget-image\" data-id=\"5fc0da3\" data-element_type=\"widget\" data-e-type=\"widget\" data-widget_type=\"image.default\">\n\t\t\t\t<div class=\"elementor-widget-container\">\n\t\t\t\t\t\t\t\t\t\t\t\t\t\t\t<img loading=\"lazy\" decoding=\"async\" width=\"724\" height=\"1024\" src=\"https:\/\/pharmalille.net\/wp-content\/uploads\/2025\/01\/a4e1278d-da61-4f3b-bfe8-1e46f9556d38-724x1024.jpg\" class=\"attachment-large size-large wp-image-233\" alt=\"\" srcset=\"https:\/\/pharmalille.net\/wp-content\/uploads\/2025\/01\/a4e1278d-da61-4f3b-bfe8-1e46f9556d38-724x1024.jpg 724w, https:\/\/pharmalille.net\/wp-content\/uploads\/2025\/01\/a4e1278d-da61-4f3b-bfe8-1e46f9556d38-212x300.jpg 212w, https:\/\/pharmalille.net\/wp-content\/uploads\/2025\/01\/a4e1278d-da61-4f3b-bfe8-1e46f9556d38-768x1086.jpg 768w, https:\/\/pharmalille.net\/wp-content\/uploads\/2025\/01\/a4e1278d-da61-4f3b-bfe8-1e46f9556d38-1086x1536.jpg 1086w, https:\/\/pharmalille.net\/wp-content\/uploads\/2025\/01\/a4e1278d-da61-4f3b-bfe8-1e46f9556d38.jpg 1414w\" sizes=\"(max-width: 724px) 100vw, 724px\" \/>\t\t\t\t\t\t\t\t\t\t\t\t\t\t\t<\/div>\n\t\t\t\t<\/div>\n\t\t\t\t<\/div>\n\t\t<div class=\"elementor-element elementor-element-3507b47 e-con-full e-flex e-con e-child\" data-id=\"3507b47\" data-element_type=\"container\" data-e-type=\"container\">\n\t\t\t\t<div class=\"elementor-element elementor-element-61d3a21 elementor-widget elementor-widget-image\" data-id=\"61d3a21\" data-element_type=\"widget\" data-e-type=\"widget\" data-widget_type=\"image.default\">\n\t\t\t\t<div class=\"elementor-widget-container\">\n\t\t\t\t\t\t\t\t\t\t\t\t\t\t\t<img loading=\"lazy\" decoding=\"async\" width=\"724\" height=\"1024\" src=\"https:\/\/pharmalille.net\/wp-content\/uploads\/2025\/01\/783292ef-05ab-4eac-b350-b0c4eb3ecf59-724x1024.jpg\" class=\"attachment-large size-large wp-image-232\" alt=\"\" srcset=\"https:\/\/pharmalille.net\/wp-content\/uploads\/2025\/01\/783292ef-05ab-4eac-b350-b0c4eb3ecf59-724x1024.jpg 724w, https:\/\/pharmalille.net\/wp-content\/uploads\/2025\/01\/783292ef-05ab-4eac-b350-b0c4eb3ecf59-212x300.jpg 212w, https:\/\/pharmalille.net\/wp-content\/uploads\/2025\/01\/783292ef-05ab-4eac-b350-b0c4eb3ecf59-768x1086.jpg 768w, https:\/\/pharmalille.net\/wp-content\/uploads\/2025\/01\/783292ef-05ab-4eac-b350-b0c4eb3ecf59-1086x1536.jpg 1086w, https:\/\/pharmalille.net\/wp-content\/uploads\/2025\/01\/783292ef-05ab-4eac-b350-b0c4eb3ecf59.jpg 1414w\" sizes=\"(max-width: 724px) 100vw, 724px\" \/>\t\t\t\t\t\t\t\t\t\t\t\t\t\t\t<\/div>\n\t\t\t\t<\/div>\n\t\t\t\t<\/div>\n\t\t<div class=\"elementor-element elementor-element-075470a e-con-full e-flex e-con e-child\" data-id=\"075470a\" data-element_type=\"container\" data-e-type=\"container\">\n\t\t\t\t<div class=\"elementor-element elementor-element-355526a elementor-widget elementor-widget-image\" data-id=\"355526a\" data-element_type=\"widget\" data-e-type=\"widget\" data-widget_type=\"image.default\">\n\t\t\t\t<div class=\"elementor-widget-container\">\n\t\t\t\t\t\t\t\t\t\t\t\t\t\t\t<img loading=\"lazy\" decoding=\"async\" width=\"724\" height=\"1024\" src=\"https:\/\/pharmalille.net\/wp-content\/uploads\/2025\/01\/15659dcd-ca6f-4cdd-a9ac-8b16f151082b-724x1024.jpg\" class=\"attachment-large size-large wp-image-230\" alt=\"\" srcset=\"https:\/\/pharmalille.net\/wp-content\/uploads\/2025\/01\/15659dcd-ca6f-4cdd-a9ac-8b16f151082b-724x1024.jpg 724w, https:\/\/pharmalille.net\/wp-content\/uploads\/2025\/01\/15659dcd-ca6f-4cdd-a9ac-8b16f151082b-212x300.jpg 212w, https:\/\/pharmalille.net\/wp-content\/uploads\/2025\/01\/15659dcd-ca6f-4cdd-a9ac-8b16f151082b-768x1086.jpg 768w, https:\/\/pharmalille.net\/wp-content\/uploads\/2025\/01\/15659dcd-ca6f-4cdd-a9ac-8b16f151082b-1086x1536.jpg 1086w, https:\/\/pharmalille.net\/wp-content\/uploads\/2025\/01\/15659dcd-ca6f-4cdd-a9ac-8b16f151082b.jpg 1414w\" sizes=\"(max-width: 724px) 100vw, 724px\" \/>\t\t\t\t\t\t\t\t\t\t\t\t\t\t\t<\/div>\n\t\t\t\t<\/div>\n\t\t\t\t<div class=\"elementor-element elementor-element-11857d7 elementor-widget elementor-widget-image\" data-id=\"11857d7\" data-element_type=\"widget\" data-e-type=\"widget\" data-widget_type=\"image.default\">\n\t\t\t\t<div class=\"elementor-widget-container\">\n\t\t\t\t\t\t\t\t\t\t\t\t\t\t\t<img loading=\"lazy\" decoding=\"async\" width=\"724\" height=\"1024\" src=\"https:\/\/pharmalille.net\/wp-content\/uploads\/2025\/01\/7e1edbf4-fd38-4605-8298-06bf4b5f26b4-724x1024.jpg\" class=\"attachment-large size-large wp-image-227\" alt=\"\" srcset=\"https:\/\/pharmalille.net\/wp-content\/uploads\/2025\/01\/7e1edbf4-fd38-4605-8298-06bf4b5f26b4-724x1024.jpg 724w, https:\/\/pharmalille.net\/wp-content\/uploads\/2025\/01\/7e1edbf4-fd38-4605-8298-06bf4b5f26b4-212x300.jpg 212w, https:\/\/pharmalille.net\/wp-content\/uploads\/2025\/01\/7e1edbf4-fd38-4605-8298-06bf4b5f26b4-768x1086.jpg 768w, https:\/\/pharmalille.net\/wp-content\/uploads\/2025\/01\/7e1edbf4-fd38-4605-8298-06bf4b5f26b4-1086x1536.jpg 1086w, https:\/\/pharmalille.net\/wp-content\/uploads\/2025\/01\/7e1edbf4-fd38-4605-8298-06bf4b5f26b4.jpg 1414w\" sizes=\"(max-width: 724px) 100vw, 724px\" \/>\t\t\t\t\t\t\t\t\t\t\t\t\t\t\t<\/div>\n\t\t\t\t<\/div>\n\t\t\t\t<\/div>\n\t\t<div class=\"elementor-element elementor-element-87e1a36 e-con-full e-flex e-con e-child\" data-id=\"87e1a36\" data-element_type=\"container\" data-e-type=\"container\">\n\t\t\t\t<div class=\"elementor-element elementor-element-b8a2ee1 elementor-widget elementor-widget-image\" data-id=\"b8a2ee1\" data-element_type=\"widget\" data-e-type=\"widget\" data-widget_type=\"image.default\">\n\t\t\t\t<div class=\"elementor-widget-container\">\n\t\t\t\t\t\t\t\t\t\t\t\t\t\t\t<img loading=\"lazy\" decoding=\"async\" width=\"724\" height=\"1024\" src=\"https:\/\/pharmalille.net\/wp-content\/uploads\/2025\/01\/809dfa5c-f23f-49e1-91cd-d0ca26e0e94f-724x1024.jpg\" class=\"attachment-large size-large wp-image-229\" alt=\"\" srcset=\"https:\/\/pharmalille.net\/wp-content\/uploads\/2025\/01\/809dfa5c-f23f-49e1-91cd-d0ca26e0e94f-724x1024.jpg 724w, https:\/\/pharmalille.net\/wp-content\/uploads\/2025\/01\/809dfa5c-f23f-49e1-91cd-d0ca26e0e94f-212x300.jpg 212w, https:\/\/pharmalille.net\/wp-content\/uploads\/2025\/01\/809dfa5c-f23f-49e1-91cd-d0ca26e0e94f-768x1086.jpg 768w, https:\/\/pharmalille.net\/wp-content\/uploads\/2025\/01\/809dfa5c-f23f-49e1-91cd-d0ca26e0e94f-1086x1536.jpg 1086w, https:\/\/pharmalille.net\/wp-content\/uploads\/2025\/01\/809dfa5c-f23f-49e1-91cd-d0ca26e0e94f.jpg 1414w\" sizes=\"(max-width: 724px) 100vw, 724px\" \/>\t\t\t\t\t\t\t\t\t\t\t\t\t\t\t<\/div>\n\t\t\t\t<\/div>\n\t\t\t\t<div class=\"elementor-element elementor-element-4d9afdd elementor-widget elementor-widget-image\" data-id=\"4d9afdd\" data-element_type=\"widget\" data-e-type=\"widget\" data-widget_type=\"image.default\">\n\t\t\t\t<div class=\"elementor-widget-container\">\n\t\t\t\t\t\t\t\t\t\t\t\t\t\t\t<img loading=\"lazy\" decoding=\"async\" width=\"724\" height=\"1024\" src=\"https:\/\/pharmalille.net\/wp-content\/uploads\/2025\/01\/3b995a95-a532-437a-9684-b45b7b4e3ac8-724x1024.jpg\" class=\"attachment-large size-large wp-image-226\" alt=\"\" srcset=\"https:\/\/pharmalille.net\/wp-content\/uploads\/2025\/01\/3b995a95-a532-437a-9684-b45b7b4e3ac8-724x1024.jpg 724w, https:\/\/pharmalille.net\/wp-content\/uploads\/2025\/01\/3b995a95-a532-437a-9684-b45b7b4e3ac8-212x300.jpg 212w, https:\/\/pharmalille.net\/wp-content\/uploads\/2025\/01\/3b995a95-a532-437a-9684-b45b7b4e3ac8-768x1086.jpg 768w, https:\/\/pharmalille.net\/wp-content\/uploads\/2025\/01\/3b995a95-a532-437a-9684-b45b7b4e3ac8-1086x1536.jpg 1086w, https:\/\/pharmalille.net\/wp-content\/uploads\/2025\/01\/3b995a95-a532-437a-9684-b45b7b4e3ac8.jpg 1414w\" sizes=\"(max-width: 724px) 100vw, 724px\" \/>\t\t\t\t\t\t\t\t\t\t\t\t\t\t\t<\/div>\n\t\t\t\t<\/div>\n\t\t\t\t<div class=\"elementor-element elementor-element-99cbaf0 elementor-widget elementor-widget-image\" data-id=\"99cbaf0\" data-element_type=\"widget\" data-e-type=\"widget\" data-widget_type=\"image.default\">\n\t\t\t\t<div class=\"elementor-widget-container\">\n\t\t\t\t\t\t\t\t\t\t\t\t\t\t\t<img loading=\"lazy\" decoding=\"async\" width=\"724\" height=\"1024\" src=\"https:\/\/pharmalille.net\/wp-content\/uploads\/2025\/01\/0cd2cdcf-319b-4910-a84e-d98b04f22b8b-724x1024.jpg\" class=\"attachment-large size-large wp-image-224\" alt=\"\" srcset=\"https:\/\/pharmalille.net\/wp-content\/uploads\/2025\/01\/0cd2cdcf-319b-4910-a84e-d98b04f22b8b-724x1024.jpg 724w, https:\/\/pharmalille.net\/wp-content\/uploads\/2025\/01\/0cd2cdcf-319b-4910-a84e-d98b04f22b8b-212x300.jpg 212w, https:\/\/pharmalille.net\/wp-content\/uploads\/2025\/01\/0cd2cdcf-319b-4910-a84e-d98b04f22b8b-768x1086.jpg 768w, https:\/\/pharmalille.net\/wp-content\/uploads\/2025\/01\/0cd2cdcf-319b-4910-a84e-d98b04f22b8b-1086x1536.jpg 1086w, https:\/\/pharmalille.net\/wp-content\/uploads\/2025\/01\/0cd2cdcf-319b-4910-a84e-d98b04f22b8b.jpg 1414w\" sizes=\"(max-width: 724px) 100vw, 724px\" \/>\t\t\t\t\t\t\t\t\t\t\t\t\t\t\t<\/div>\n\t\t\t\t<\/div>\n\t\t\t\t<\/div>\n\t\t<div class=\"elementor-element elementor-element-c91c6de e-con-full e-flex e-con e-child\" data-id=\"c91c6de\" data-element_type=\"container\" data-e-type=\"container\">\n\t\t\t\t<div class=\"elementor-element elementor-element-4b267e7 elementor-widget elementor-widget-image\" data-id=\"4b267e7\" data-element_type=\"widget\" data-e-type=\"widget\" data-widget_type=\"image.default\">\n\t\t\t\t<div class=\"elementor-widget-container\">\n\t\t\t\t\t\t\t\t\t\t\t\t\t\t\t<img loading=\"lazy\" decoding=\"async\" width=\"724\" height=\"1024\" src=\"https:\/\/pharmalille.net\/wp-content\/uploads\/2025\/01\/550ba0a9-be41-403a-b03f-8fe4cecd0884-724x1024.jpg\" class=\"attachment-large size-large wp-image-228\" alt=\"\" srcset=\"https:\/\/pharmalille.net\/wp-content\/uploads\/2025\/01\/550ba0a9-be41-403a-b03f-8fe4cecd0884-724x1024.jpg 724w, https:\/\/pharmalille.net\/wp-content\/uploads\/2025\/01\/550ba0a9-be41-403a-b03f-8fe4cecd0884-212x300.jpg 212w, https:\/\/pharmalille.net\/wp-content\/uploads\/2025\/01\/550ba0a9-be41-403a-b03f-8fe4cecd0884-768x1086.jpg 768w, https:\/\/pharmalille.net\/wp-content\/uploads\/2025\/01\/550ba0a9-be41-403a-b03f-8fe4cecd0884-1086x1536.jpg 1086w, https:\/\/pharmalille.net\/wp-content\/uploads\/2025\/01\/550ba0a9-be41-403a-b03f-8fe4cecd0884.jpg 1414w\" sizes=\"(max-width: 724px) 100vw, 724px\" \/>\t\t\t\t\t\t\t\t\t\t\t\t\t\t\t<\/div>\n\t\t\t\t<\/div>\n\t\t\t\t<div class=\"elementor-element elementor-element-562963d elementor-widget elementor-widget-image\" data-id=\"562963d\" data-element_type=\"widget\" data-e-type=\"widget\" data-widget_type=\"image.default\">\n\t\t\t\t<div class=\"elementor-widget-container\">\n\t\t\t\t\t\t\t\t\t\t\t\t\t\t\t<img loading=\"lazy\" decoding=\"async\" width=\"724\" height=\"1024\" src=\"https:\/\/pharmalille.net\/wp-content\/uploads\/2025\/05\/8d0f1738-897d-4738-a524-63ee456e79e6-724x1024.jpg\" class=\"attachment-large size-large wp-image-386\" alt=\"\" srcset=\"https:\/\/pharmalille.net\/wp-content\/uploads\/2025\/05\/8d0f1738-897d-4738-a524-63ee456e79e6-724x1024.jpg 724w, https:\/\/pharmalille.net\/wp-content\/uploads\/2025\/05\/8d0f1738-897d-4738-a524-63ee456e79e6-212x300.jpg 212w, https:\/\/pharmalille.net\/wp-content\/uploads\/2025\/05\/8d0f1738-897d-4738-a524-63ee456e79e6-768x1086.jpg 768w, https:\/\/pharmalille.net\/wp-content\/uploads\/2025\/05\/8d0f1738-897d-4738-a524-63ee456e79e6-1086x1536.jpg 1086w, https:\/\/pharmalille.net\/wp-content\/uploads\/2025\/05\/8d0f1738-897d-4738-a524-63ee456e79e6.jpg 1414w\" sizes=\"(max-width: 724px) 100vw, 724px\" \/>\t\t\t\t\t\t\t\t\t\t\t\t\t\t\t<\/div>\n\t\t\t\t<\/div>\n\t\t\t\t<\/div>\n\t\t\t\t\t<\/div>\n\t\t\t\t<\/div>\n\t\t\t\t<\/div>\n\t\t","protected":false},"excerpt":{"rendered":"<p>Les commissions Les commissions r\u00e9alisent de tr\u00e8s nombreux projets durant leur mandat. N&rsquo;h\u00e9site pas \u00e0 demander ce que font les commissions si l&rsquo;une d&rsquo;entre elles t&rsquo;int\u00e9resse.\u00a0<\/p>\n","protected":false},"author":1,"featured_media":0,"parent":0,"menu_order":0,"comment_status":"closed","ping_status":"closed","template":"","meta":{"om_disable_all_campaigns":false,"_monsterinsights_skip_tracking":false,"_monsterinsights_sitenote_active":false,"_monsterinsights_sitenote_note":"","_monsterinsights_sitenote_category":0,"_uf_show_specific_survey":0,"_uf_disable_surveys":false,"footnotes":""},"class_list":["post-111","page","type-page","status-publish","hentry"],"aioseo_notices":[],"_links":{"self":[{"href":"https:\/\/pharmalille.net\/index.php\/wp-json\/wp\/v2\/pages\/111","targetHints":{"allow":["GET"]}}],"collection":[{"href":"https:\/\/pharmalille.net\/index.php\/wp-json\/wp\/v2\/pages"}],"about":[{"href":"https:\/\/pharmalille.net\/index.php\/wp-json\/wp\/v2\/types\/page"}],"author":[{"embeddable":true,"href":"https:\/\/pharmalille.net\/index.php\/wp-json\/wp\/v2\/users\/1"}],"replies":[{"embeddable":true,"href":"https:\/\/pharmalille.net\/index.php\/wp-json\/wp\/v2\/comments?post=111"}],"version-history":[{"count":14,"href":"https:\/\/pharmalille.net\/index.php\/wp-json\/wp\/v2\/pages\/111\/revisions"}],"predecessor-version":[{"id":389,"href":"https:\/\/pharmalille.net\/index.php\/wp-json\/wp\/v2\/pages\/111\/revisions\/389"}],"wp:attachment":[{"href":"https:\/\/pharmalille.net\/index.php\/wp-json\/wp\/v2\/media?parent=111"}],"curies":[{"name":"wp","href":"https:\/\/api.w.org\/{rel}","templated":true}]}}