{"id":158,"date":"2024-10-28T20:53:16","date_gmt":"2024-10-28T19:53:16","guid":{"rendered":"https:\/\/pharmalille.net\/?page_id=158"},"modified":"2026-03-31T16:54:35","modified_gmt":"2026-03-31T14:54:35","slug":"presentation","status":"publish","type":"page","link":"https:\/\/pharmalille.net\/index.php\/presentation\/","title":{"rendered":"Pr\u00e9sentation"},"content":{"rendered":"\t\t<div data-elementor-type=\"wp-page\" data-elementor-id=\"158\" class=\"elementor elementor-158\">\n\t\t\t\t<div class=\"elementor-element elementor-element-32e733b e-flex e-con-boxed e-con e-parent\" data-id=\"32e733b\" data-element_type=\"container\" data-e-type=\"container\">\n\t\t\t\t\t<div class=\"e-con-inner\">\n\t\t\t\t<div class=\"elementor-element elementor-element-d6d88a8 elementor-widget elementor-widget-heading\" data-id=\"d6d88a8\" data-element_type=\"widget\" data-e-type=\"widget\" data-widget_type=\"heading.default\">\n\t\t\t\t<div class=\"elementor-widget-container\">\n\t\t\t\t\t<h2 class=\"elementor-heading-title elementor-size-default\">Pr\u00e9sentation de l'AAEPL<\/h2>\t\t\t\t<\/div>\n\t\t\t\t<\/div>\n\t\t\t\t\t<\/div>\n\t\t\t\t<\/div>\n\t\t<div class=\"elementor-element elementor-element-e3ddf34 e-flex e-con-boxed e-con e-parent\" data-id=\"e3ddf34\" data-element_type=\"container\" data-e-type=\"container\">\n\t\t\t\t\t<div class=\"e-con-inner\">\n\t\t<div class=\"elementor-element elementor-element-00600ee e-con-full e-flex e-con e-child\" data-id=\"00600ee\" data-element_type=\"container\" data-e-type=\"container\">\n\t\t\t\t<div class=\"elementor-element elementor-element-125a49c elementor-widget elementor-widget-image\" data-id=\"125a49c\" data-element_type=\"widget\" data-e-type=\"widget\" data-widget_type=\"image.default\">\n\t\t\t\t<div class=\"elementor-widget-container\">\n\t\t\t\t\t\t\t\t\t\t\t\t\t\t\t<img fetchpriority=\"high\" decoding=\"async\" width=\"300\" height=\"300\" src=\"https:\/\/pharmalille.net\/wp-content\/uploads\/2024\/08\/cropped-Noir-vectorise-300.png\" class=\"attachment-large size-large wp-image-34\" alt=\"\" srcset=\"https:\/\/pharmalille.net\/wp-content\/uploads\/2024\/08\/cropped-Noir-vectorise-300.png 300w, https:\/\/pharmalille.net\/wp-content\/uploads\/2024\/08\/cropped-Noir-vectorise-300-150x150.png 150w\" sizes=\"(max-width: 300px) 100vw, 300px\" \/>\t\t\t\t\t\t\t\t\t\t\t\t\t\t\t<\/div>\n\t\t\t\t<\/div>\n\t\t\t\t<\/div>\n\t\t<div class=\"elementor-element elementor-element-f127522 e-con-full e-flex e-con e-child\" data-id=\"f127522\" data-element_type=\"container\" data-e-type=\"container\">\n\t\t\t\t<div class=\"elementor-element elementor-element-ed74a8d elementor-widget elementor-widget-text-editor\" data-id=\"ed74a8d\" data-element_type=\"widget\" data-e-type=\"widget\" data-widget_type=\"text-editor.default\">\n\t\t\t\t<div class=\"elementor-widget-container\">\n\t\t\t\t\t\t\t\t\t<p>L\u2019Association Amicale des Etudiants en Pharmacie de Lille est une association loi 1901, or on retrouve des traces d\u2019organisations \u00e9tudiantes non officielles depuis 1878 ! \u00c0 l\u2019origine, l\u2019AAEPL s\u2019appelle simplement \u00ab l\u2019AA \u00bb (Association Amicale), elle est une antenne locale de l\u2019AAEPF (Association Amicale des \u00c9tudiants en Pharmacie de France).&nbsp;<\/p>\n<p>\u00c0 partir de 1902, L\u2019AA prend son ind\u00e9pendance et devient l\u2019AAEPL. L\u2019AAEPL a toujours eu un fort poids dans de nombreuses d\u00e9cisions au niveau local, mais aussi au niveau national. D\u00e8s sa cr\u00e9ation, elle fut proactive afin de permettre aux \u00e9tudiants en pharmacie de Lille d\u2019\u00e9tudier dans les meilleures conditions et de leur garantir un exercice professionnel radieux.&nbsp;<\/p>\n<p>L\u2019AAEPL aura r\u00e9ellement \u00e9t\u00e9 fond\u00e9e le 7 mars 1902. Il existait certainement des associations d\u2019\u00e9tudiants en Pharmacie \u00e0 Lille avant cette date, mais malheureusement aucune trace directe ne nous est parvenue pour le moment.&nbsp;<\/p><p>L\u2019association aura \u00e9norm\u00e9ment \u00e9volu\u00e9 entre sa cr\u00e9ation et sa reconnaissance officielle en 1930.&nbsp;<span style=\"font-family: var( --e-global-typography-text-font-family ), Sans-serif; font-weight: var( --e-global-typography-text-font-weight ); font-size: 0.875rem;\">Bien souvent pr\u00e9curseur par rapport \u00e0 bien des sujets tels que la place de la femme dans la soci\u00e9t\u00e9 fran\u00e7aise, l\u2019unicit\u00e9 du dipl\u00f4me de Pharmacie ou encore les lois militaires, l\u2019association reste l\u2019une des plus importantes de la M\u00e9tropole lilloise de part ses nombreuses actions mais aussi de part son expertise sur des sujets vari\u00e9s.<\/span><\/p>\t\t\t\t\t\t\t\t<\/div>\n\t\t\t\t<\/div>\n\t\t\t\t<\/div>\n\t\t\t\t\t<\/div>\n\t\t\t\t<\/div>\n\t\t\t\t<\/div>\n\t\t","protected":false},"excerpt":{"rendered":"<p>Pr\u00e9sentation de l&rsquo;AAEPL L\u2019Association Amicale des Etudiants en Pharmacie de Lille est une association loi 1901, or on retrouve des traces d\u2019organisations \u00e9tudiantes non officielles depuis 1878 ! \u00c0 l\u2019origine, &#8230;<\/p>\n","protected":false},"author":1,"featured_media":0,"parent":0,"menu_order":0,"comment_status":"closed","ping_status":"closed","template":"","meta":{"om_disable_all_campaigns":false,"_monsterinsights_skip_tracking":false,"_monsterinsights_sitenote_active":false,"_monsterinsights_sitenote_note":"","_monsterinsights_sitenote_category":0,"_uf_show_specific_survey":0,"_uf_disable_surveys":false,"footnotes":""},"class_list":["post-158","page","type-page","status-publish","hentry"],"aioseo_notices":[],"_links":{"self":[{"href":"https:\/\/pharmalille.net\/index.php\/wp-json\/wp\/v2\/pages\/158","targetHints":{"allow":["GET"]}}],"collection":[{"href":"https:\/\/pharmalille.net\/index.php\/wp-json\/wp\/v2\/pages"}],"about":[{"href":"https:\/\/pharmalille.net\/index.php\/wp-json\/wp\/v2\/types\/page"}],"author":[{"embeddable":true,"href":"https:\/\/pharmalille.net\/index.php\/wp-json\/wp\/v2\/users\/1"}],"replies":[{"embeddable":true,"href":"https:\/\/pharmalille.net\/index.php\/wp-json\/wp\/v2\/comments?post=158"}],"version-history":[{"count":13,"href":"https:\/\/pharmalille.net\/index.php\/wp-json\/wp\/v2\/pages\/158\/revisions"}],"predecessor-version":[{"id":519,"href":"https:\/\/pharmalille.net\/index.php\/wp-json\/wp\/v2\/pages\/158\/revisions\/519"}],"wp:attachment":[{"href":"https:\/\/pharmalille.net\/index.php\/wp-json\/wp\/v2\/media?parent=158"}],"curies":[{"name":"wp","href":"https:\/\/api.w.org\/{rel}","templated":true}]}}