{"id":43,"date":"2024-08-20T19:22:54","date_gmt":"2024-08-20T17:22:54","guid":{"rendered":"https:\/\/pharmalille.net\/?page_id=43"},"modified":"2025-02-16T22:59:37","modified_gmt":"2025-02-16T21:59:37","slug":"reseau","status":"publish","type":"page","link":"https:\/\/pharmalille.net\/index.php\/reseau\/","title":{"rendered":"R\u00e9seau"},"content":{"rendered":"\t\t<div data-elementor-type=\"wp-page\" data-elementor-id=\"43\" class=\"elementor elementor-43\">\n\t\t\t\t<div class=\"elementor-element elementor-element-bd6831b e-flex e-con-boxed e-con e-parent\" data-id=\"bd6831b\" data-element_type=\"container\" data-e-type=\"container\">\n\t\t\t\t\t<div class=\"e-con-inner\">\n\t\t\t\t<div class=\"elementor-element elementor-element-671c9ef elementor-widget elementor-widget-heading\" data-id=\"671c9ef\" data-element_type=\"widget\" data-e-type=\"widget\" data-widget_type=\"heading.default\">\n\t\t\t\t<div class=\"elementor-widget-container\">\n\t\t\t\t\t<h2 class=\"elementor-heading-title elementor-size-default\">Les associations autour de l'AAEPL<\/h2>\t\t\t\t<\/div>\n\t\t\t\t<\/div>\n\t\t\t\t\t<\/div>\n\t\t\t\t<\/div>\n\t\t<div class=\"elementor-element elementor-element-9715f68 e-grid e-con-boxed e-con e-parent\" data-id=\"9715f68\" data-element_type=\"container\" data-e-type=\"container\">\n\t\t\t\t\t<div class=\"e-con-inner\">\n\t\t<div class=\"elementor-element elementor-element-7d6a7dd e-con-full e-flex e-con e-child\" data-id=\"7d6a7dd\" data-element_type=\"container\" data-e-type=\"container\">\n\t\t\t\t<div class=\"elementor-element elementor-element-8b4488c elementor-widget elementor-widget-image\" data-id=\"8b4488c\" data-element_type=\"widget\" data-e-type=\"widget\" data-widget_type=\"image.default\">\n\t\t\t\t<div class=\"elementor-widget-container\">\n\t\t\t\t\t\t\t\t\t\t\t\t\t\t\t<img fetchpriority=\"high\" decoding=\"async\" width=\"300\" height=\"283\" src=\"https:\/\/pharmalille.net\/wp-content\/uploads\/2025\/02\/ANEPF-300x283.png\" class=\"attachment-medium size-medium wp-image-291\" alt=\"\" srcset=\"https:\/\/pharmalille.net\/wp-content\/uploads\/2025\/02\/ANEPF-300x283.png 300w, https:\/\/pharmalille.net\/wp-content\/uploads\/2025\/02\/ANEPF-768x725.png 768w, https:\/\/pharmalille.net\/wp-content\/uploads\/2025\/02\/ANEPF.png 851w\" sizes=\"(max-width: 300px) 100vw, 300px\" \/>\t\t\t\t\t\t\t\t\t\t\t\t\t\t\t<\/div>\n\t\t\t\t<\/div>\n\t\t\t\t<div class=\"elementor-element elementor-element-0c48f9f elementor-widget elementor-widget-text-editor\" data-id=\"0c48f9f\" data-element_type=\"widget\" data-e-type=\"widget\" data-widget_type=\"text-editor.default\">\n\t\t\t\t<div class=\"elementor-widget-container\">\n\t\t\t\t\t\t\t\t\t<p>L&rsquo;Association Nationale des Etudiants en Pharmacie de France (ANEPF) est notre f\u00e9d\u00e9ration de fili\u00e8re. Elle d\u00e9fend les int\u00e9r\u00eats des 33000 \u00e9tudiants des 24 facult\u00e9s de Pharmacie de France.<\/p>\t\t\t\t\t\t\t\t<\/div>\n\t\t\t\t<\/div>\n\t\t\t\t<\/div>\n\t\t<div class=\"elementor-element elementor-element-0465bc3 e-con-full e-flex e-con e-child\" data-id=\"0465bc3\" data-element_type=\"container\" data-e-type=\"container\">\n\t\t\t\t<div class=\"elementor-element elementor-element-ec52aa8 elementor-widget elementor-widget-image\" data-id=\"ec52aa8\" data-element_type=\"widget\" data-e-type=\"widget\" data-widget_type=\"image.default\">\n\t\t\t\t<div class=\"elementor-widget-container\">\n\t\t\t\t\t\t\t\t\t\t\t\t\t\t\t<img decoding=\"async\" width=\"159\" height=\"218\" src=\"https:\/\/pharmalille.net\/wp-content\/uploads\/2025\/02\/AIPBL.png\" class=\"attachment-medium size-medium wp-image-292\" alt=\"\" \/>\t\t\t\t\t\t\t\t\t\t\t\t\t\t\t<\/div>\n\t\t\t\t<\/div>\n\t\t\t\t<div class=\"elementor-element elementor-element-3261ebb elementor-widget elementor-widget-text-editor\" data-id=\"3261ebb\" data-element_type=\"widget\" data-e-type=\"widget\" data-widget_type=\"text-editor.default\">\n\t\t\t\t<div class=\"elementor-widget-container\">\n\t\t\t\t\t\t\t\t\t<p>L&rsquo;Association des Internes en Pharmacie et Biologie de Lille (AIPBL) te permettra notamment de pr\u00e9parer le concours de l&rsquo;Internat et repr\u00e9sente les Internes en Pharmacie de Lille.<\/p>\t\t\t\t\t\t\t\t<\/div>\n\t\t\t\t<\/div>\n\t\t\t\t<\/div>\n\t\t\t\t\t<\/div>\n\t\t\t\t<\/div>\n\t\t<div class=\"elementor-element elementor-element-ed220de e-flex e-con-boxed e-con e-parent\" data-id=\"ed220de\" data-element_type=\"container\" data-e-type=\"container\">\n\t\t\t\t\t<div class=\"e-con-inner\">\n\t\t<div class=\"elementor-element elementor-element-02f871d e-con-full e-flex e-con e-child\" data-id=\"02f871d\" data-element_type=\"container\" data-e-type=\"container\">\n\t\t\t\t<\/div>\n\t\t<div class=\"elementor-element elementor-element-af7ebe8 e-con-full e-flex e-con e-child\" data-id=\"af7ebe8\" data-element_type=\"container\" data-e-type=\"container\">\n\t\t\t\t<div class=\"elementor-element elementor-element-6b16ade elementor-widget elementor-widget-image\" data-id=\"6b16ade\" data-element_type=\"widget\" data-e-type=\"widget\" data-widget_type=\"image.default\">\n\t\t\t\t<div class=\"elementor-widget-container\">\n\t\t\t\t\t\t\t\t\t\t\t\t\t\t\t<img decoding=\"async\" width=\"300\" height=\"300\" src=\"https:\/\/pharmalille.net\/wp-content\/uploads\/2025\/02\/galille-300x300.png\" class=\"attachment-medium size-medium wp-image-293\" alt=\"\" srcset=\"https:\/\/pharmalille.net\/wp-content\/uploads\/2025\/02\/galille-300x300.png 300w, https:\/\/pharmalille.net\/wp-content\/uploads\/2025\/02\/galille-1024x1024.png 1024w, https:\/\/pharmalille.net\/wp-content\/uploads\/2025\/02\/galille-150x150.png 150w, https:\/\/pharmalille.net\/wp-content\/uploads\/2025\/02\/galille-768x768.png 768w, https:\/\/pharmalille.net\/wp-content\/uploads\/2025\/02\/galille.png 1536w\" sizes=\"(max-width: 300px) 100vw, 300px\" \/>\t\t\t\t\t\t\t\t\t\t\t\t\t\t\t<\/div>\n\t\t\t\t<\/div>\n\t\t\t\t<div class=\"elementor-element elementor-element-3823d93 elementor-widget elementor-widget-text-editor\" data-id=\"3823d93\" data-element_type=\"widget\" data-e-type=\"widget\" data-widget_type=\"text-editor.default\">\n\t\t\t\t<div class=\"elementor-widget-container\">\n\t\t\t\t\t\t\t\t\t<p>Le Groupement des Associations LILLoises Etudiantes (GALILLE) est notre f\u00e9d\u00e9ration de territoire. Elle nous repr\u00e9sente notamment lors des conseils centraux de l&rsquo;Universit\u00e9 ou ceux du CROUS.<\/p>\t\t\t\t\t\t\t\t<\/div>\n\t\t\t\t<\/div>\n\t\t\t\t<\/div>\n\t\t<div class=\"elementor-element elementor-element-57234ff e-con-full e-flex e-con e-child\" data-id=\"57234ff\" data-element_type=\"container\" data-e-type=\"container\">\n\t\t\t\t<\/div>\n\t\t\t\t\t<\/div>\n\t\t\t\t<\/div>\n\t\t\t\t<\/div>\n\t\t","protected":false},"excerpt":{"rendered":"<p>Les associations autour de l&rsquo;AAEPL L&rsquo;Association Nationale des Etudiants en Pharmacie de France (ANEPF) est notre f\u00e9d\u00e9ration de fili\u00e8re. Elle d\u00e9fend les int\u00e9r\u00eats des 33000 \u00e9tudiants des 24 facult\u00e9s de &#8230;<\/p>\n","protected":false},"author":1,"featured_media":0,"parent":0,"menu_order":0,"comment_status":"closed","ping_status":"closed","template":"","meta":{"om_disable_all_campaigns":false,"_monsterinsights_skip_tracking":false,"_monsterinsights_sitenote_active":false,"_monsterinsights_sitenote_note":"","_monsterinsights_sitenote_category":0,"_uf_show_specific_survey":0,"_uf_disable_surveys":false,"footnotes":""},"class_list":["post-43","page","type-page","status-publish","hentry"],"aioseo_notices":[],"_links":{"self":[{"href":"https:\/\/pharmalille.net\/index.php\/wp-json\/wp\/v2\/pages\/43","targetHints":{"allow":["GET"]}}],"collection":[{"href":"https:\/\/pharmalille.net\/index.php\/wp-json\/wp\/v2\/pages"}],"about":[{"href":"https:\/\/pharmalille.net\/index.php\/wp-json\/wp\/v2\/types\/page"}],"author":[{"embeddable":true,"href":"https:\/\/pharmalille.net\/index.php\/wp-json\/wp\/v2\/users\/1"}],"replies":[{"embeddable":true,"href":"https:\/\/pharmalille.net\/index.php\/wp-json\/wp\/v2\/comments?post=43"}],"version-history":[{"count":20,"href":"https:\/\/pharmalille.net\/index.php\/wp-json\/wp\/v2\/pages\/43\/revisions"}],"predecessor-version":[{"id":326,"href":"https:\/\/pharmalille.net\/index.php\/wp-json\/wp\/v2\/pages\/43\/revisions\/326"}],"wp:attachment":[{"href":"https:\/\/pharmalille.net\/index.php\/wp-json\/wp\/v2\/media?parent=43"}],"curies":[{"name":"wp","href":"https:\/\/api.w.org\/{rel}","templated":true}]}}