{"id":468,"date":"2025-09-29T14:11:32","date_gmt":"2025-09-29T12:11:32","guid":{"rendered":"https:\/\/pharmalille.net\/?page_id=468"},"modified":"2025-09-29T14:50:56","modified_gmt":"2025-09-29T12:50:56","slug":"pierre-fabre","status":"publish","type":"page","link":"https:\/\/pharmalille.net\/index.php\/pierre-fabre\/","title":{"rendered":"Pierre Fabre"},"content":{"rendered":"\t\t<div data-elementor-type=\"wp-page\" data-elementor-id=\"468\" class=\"elementor elementor-468\">\n\t\t\t\t<div class=\"elementor-element elementor-element-8af0ba3 e-flex e-con-boxed e-con e-parent\" data-id=\"8af0ba3\" data-element_type=\"container\" data-e-type=\"container\">\n\t\t\t\t\t<div class=\"e-con-inner\">\n\t\t\t\t<div class=\"elementor-element elementor-element-f5defad elementor-widget elementor-widget-heading\" data-id=\"f5defad\" data-element_type=\"widget\" data-e-type=\"widget\" data-widget_type=\"heading.default\">\n\t\t\t\t<div class=\"elementor-widget-container\">\n\t\t\t\t\t<h2 class=\"elementor-heading-title elementor-size-default\"><span style=\"font-size: 2rem\">Pierre Fabre<\/span><\/h2>\t\t\t\t<\/div>\n\t\t\t\t<\/div>\n\t\t<div class=\"elementor-element elementor-element-1d493d4 e-con-full e-flex e-con e-child\" data-id=\"1d493d4\" data-element_type=\"container\" data-e-type=\"container\">\n\t\t<div class=\"elementor-element elementor-element-becfff2 e-con-full e-flex e-con e-child\" data-id=\"becfff2\" data-element_type=\"container\" data-e-type=\"container\">\n\t\t\t\t<div class=\"elementor-element elementor-element-6506438 elementor-widget elementor-widget-image\" data-id=\"6506438\" data-element_type=\"widget\" data-e-type=\"widget\" data-widget_type=\"image.default\">\n\t\t\t\t<div class=\"elementor-widget-container\">\n\t\t\t\t\t\t\t\t\t\t\t\t\t\t\t<img decoding=\"async\" src=\"https:\/\/pharmalille.net\/wp-content\/uploads\/2025\/07\/PIERRE_FABRE_LOGOTYPE_RVB-1.jpg\" class=\"attachment-full size-full wp-image-418\" alt=\"\" \/>\t\t\t\t\t\t\t\t\t\t\t\t\t\t\t<\/div>\n\t\t\t\t<\/div>\n\t\t\t\t<\/div>\n\t\t<div class=\"elementor-element elementor-element-976de29 e-con-full e-flex e-con e-child\" data-id=\"976de29\" data-element_type=\"container\" data-e-type=\"container\">\n\t\t\t\t<div class=\"elementor-element elementor-element-b7ab468 elementor-widget__width-initial elementor-widget elementor-widget-text-editor\" data-id=\"b7ab468\" data-element_type=\"widget\" data-e-type=\"widget\" data-widget_type=\"text-editor.default\">\n\t\t\t\t<div class=\"elementor-widget-container\">\n\t\t\t\t\t\t\t\t\t<p>Les Laboratoires Pierre Fabre sont la 2\u00e8me entreprise dermo-cosm\u00e9tique au monde et l&rsquo;un des premiers laboratoires pharmaceutiques europ\u00e9ens. Leur portefeuille Dermo-cosm\u00e9tique &amp; Personal Care est compos\u00e9 de marques internationales dont Eau Thermale Av\u00e8ne, Ducray, Klorane, A-Derma, Ren\u00e9 Furterer, M\u00eame Cosmetics, Darrow et Elgydium. Leur activit\u00e9 Medical Care couvre 5 domaines th\u00e9rapeutiques principaux : l&rsquo;oncologie, la dermatologie, les maladies rares, les maladies chroniques et la sant\u00e9 familiale.<\/p><p>En 2024, les Laboratoires Pierre Fabre ont r\u00e9alis\u00e9 un chiffre d&rsquo;affaires de 3,1 milliards d&rsquo;euros, dont 70% \u00e0 l&rsquo;international dans 120 pays. Implant\u00e9s depuis toujours en r\u00e9gion Occitanie, ils fabriquent pr\u00e8s de 90% de leurs produits en France et emploient 10 200 collaborateurs dans le monde. Leur budget de R&amp;D s&rsquo;est \u00e9lev\u00e9 \u00e0 219M\u20ac dont 60% d\u00e9di\u00e9s aux th\u00e9rapies cibl\u00e9es en oncologie et 35% aux th\u00e9rapies et aux soins de la peau.<\/p><p>L&rsquo;actionnaire majoritaire (86%) des Laboratoires Pierre Fabre est une Fondation humanitaire \u00e9ponyme reconnue d&rsquo;utilit\u00e9 publique. Les collaborateurs sont l&rsquo;autre actionnaire de l&rsquo;entreprise. Cette structure capitalistique est garante de l&rsquo;ind\u00e9pendance de l&rsquo;entreprise, de sa vision \u00e0 long-terme et de sa contribution au bien commun. Les dividendes vers\u00e9s \u00e0 la Fondation Pierre Fabre b\u00e9n\u00e9ficient \u00e0 35 programmes d&rsquo;acc\u00e8s \u00e0 la sant\u00e9 d\u00e9ploy\u00e9s dans 22 pays parmi les moins avanc\u00e9s au monde.<\/p><p>La d\u00e9marche RSE des laboratoires Pierre Fabre est \u00e9valu\u00e9e par AFNOR Certification au niveau \u00ab\u00a0Exemplaire\u00a0\u00bb du label Engag\u00e9 RSE (norme ISO 26 000 du d\u00e9veloppement durable)<\/p>\t\t\t\t\t\t\t\t<\/div>\n\t\t\t\t<\/div>\n\t\t\t\t<\/div>\n\t\t\t\t<\/div>\n\t\t\t\t\t<\/div>\n\t\t\t\t<\/div>\n\t\t<div class=\"elementor-element elementor-element-8d1f3d5 e-flex e-con-boxed e-con e-parent\" data-id=\"8d1f3d5\" data-element_type=\"container\" data-e-type=\"container\">\n\t\t\t\t\t<div class=\"e-con-inner\">\n\t\t\t\t<div class=\"elementor-element elementor-element-7b007f7 elementor-align-center elementor-widget elementor-widget-button\" data-id=\"7b007f7\" data-element_type=\"widget\" data-e-type=\"widget\" data-widget_type=\"button.default\">\n\t\t\t\t<div class=\"elementor-widget-container\">\n\t\t\t\t\t\t\t\t\t<div class=\"elementor-button-wrapper\">\n\t\t\t\t\t<a class=\"elementor-button elementor-button-link elementor-size-sm\" href=\"https:\/\/pharmalille.net\/index.php\/nos-partenaires\/\">\n\t\t\t\t\t\t<span class=\"elementor-button-content-wrapper\">\n\t\t\t\t\t\t\t\t\t<span class=\"elementor-button-text\">Voir nos autres partenaires<\/span>\n\t\t\t\t\t<\/span>\n\t\t\t\t\t<\/a>\n\t\t\t\t<\/div>\n\t\t\t\t\t\t\t\t<\/div>\n\t\t\t\t<\/div>\n\t\t\t\t\t<\/div>\n\t\t\t\t<\/div>\n\t\t\t\t<\/div>\n\t\t","protected":false},"excerpt":{"rendered":"<p>Pierre Fabre Les Laboratoires Pierre Fabre sont la 2\u00e8me entreprise dermo-cosm\u00e9tique au monde et l&rsquo;un des premiers laboratoires pharmaceutiques europ\u00e9ens. Leur portefeuille Dermo-cosm\u00e9tique &amp; Personal Care est compos\u00e9 de marques &#8230;<\/p>\n","protected":false},"author":1,"featured_media":0,"parent":0,"menu_order":0,"comment_status":"closed","ping_status":"closed","template":"","meta":{"om_disable_all_campaigns":false,"_monsterinsights_skip_tracking":false,"_monsterinsights_sitenote_active":false,"_monsterinsights_sitenote_note":"","_monsterinsights_sitenote_category":0,"_uf_show_specific_survey":0,"_uf_disable_surveys":false,"footnotes":""},"class_list":["post-468","page","type-page","status-publish","hentry"],"aioseo_notices":[],"_links":{"self":[{"href":"https:\/\/pharmalille.net\/index.php\/wp-json\/wp\/v2\/pages\/468","targetHints":{"allow":["GET"]}}],"collection":[{"href":"https:\/\/pharmalille.net\/index.php\/wp-json\/wp\/v2\/pages"}],"about":[{"href":"https:\/\/pharmalille.net\/index.php\/wp-json\/wp\/v2\/types\/page"}],"author":[{"embeddable":true,"href":"https:\/\/pharmalille.net\/index.php\/wp-json\/wp\/v2\/users\/1"}],"replies":[{"embeddable":true,"href":"https:\/\/pharmalille.net\/index.php\/wp-json\/wp\/v2\/comments?post=468"}],"version-history":[{"count":10,"href":"https:\/\/pharmalille.net\/index.php\/wp-json\/wp\/v2\/pages\/468\/revisions"}],"predecessor-version":[{"id":495,"href":"https:\/\/pharmalille.net\/index.php\/wp-json\/wp\/v2\/pages\/468\/revisions\/495"}],"wp:attachment":[{"href":"https:\/\/pharmalille.net\/index.php\/wp-json\/wp\/v2\/media?parent=468"}],"curies":[{"name":"wp","href":"https:\/\/api.w.org\/{rel}","templated":true}]}}