{"id":478,"date":"2025-09-29T14:41:10","date_gmt":"2025-09-29T12:41:10","guid":{"rendered":"https:\/\/pharmalille.net\/?page_id=478"},"modified":"2025-09-29T14:52:35","modified_gmt":"2025-09-29T12:52:35","slug":"phoenix-ocp","status":"publish","type":"page","link":"https:\/\/pharmalille.net\/index.php\/phoenix-ocp\/","title":{"rendered":"Phoenix OCP"},"content":{"rendered":"\t\t<div data-elementor-type=\"wp-page\" data-elementor-id=\"478\" class=\"elementor elementor-478\">\n\t\t\t\t<div class=\"elementor-element elementor-element-8af0ba3 e-flex e-con-boxed e-con e-parent\" data-id=\"8af0ba3\" data-element_type=\"container\" data-e-type=\"container\">\n\t\t\t\t\t<div class=\"e-con-inner\">\n\t\t\t\t<div class=\"elementor-element elementor-element-f5defad elementor-widget elementor-widget-heading\" data-id=\"f5defad\" data-element_type=\"widget\" data-e-type=\"widget\" data-widget_type=\"heading.default\">\n\t\t\t\t<div class=\"elementor-widget-container\">\n\t\t\t\t\t<h2 class=\"elementor-heading-title elementor-size-default\"><span style=\"font-size: 2rem\">PHOENIX OCP<\/span><\/h2>\t\t\t\t<\/div>\n\t\t\t\t<\/div>\n\t\t<div class=\"elementor-element elementor-element-edaa248 e-con-full e-flex e-con e-child\" data-id=\"edaa248\" data-element_type=\"container\" data-e-type=\"container\">\n\t\t<div class=\"elementor-element elementor-element-e4e31db e-con-full e-flex e-con e-child\" data-id=\"e4e31db\" data-element_type=\"container\" data-e-type=\"container\">\n\t\t\t\t<div class=\"elementor-element elementor-element-511644b elementor-widget elementor-widget-image\" data-id=\"511644b\" data-element_type=\"widget\" data-e-type=\"widget\" data-widget_type=\"image.default\">\n\t\t\t\t<div class=\"elementor-widget-container\">\n\t\t\t\t\t\t\t\t\t\t\t\t\t\t\t<img fetchpriority=\"high\" decoding=\"async\" width=\"591\" height=\"591\" src=\"https:\/\/pharmalille.net\/wp-content\/uploads\/2025\/08\/Logo-PHOENIX-OCP.png\" class=\"attachment-full size-full wp-image-433\" alt=\"\" srcset=\"https:\/\/pharmalille.net\/wp-content\/uploads\/2025\/08\/Logo-PHOENIX-OCP.png 591w, https:\/\/pharmalille.net\/wp-content\/uploads\/2025\/08\/Logo-PHOENIX-OCP-300x300.png 300w, https:\/\/pharmalille.net\/wp-content\/uploads\/2025\/08\/Logo-PHOENIX-OCP-150x150.png 150w\" sizes=\"(max-width: 591px) 100vw, 591px\" \/>\t\t\t\t\t\t\t\t\t\t\t\t\t\t\t<\/div>\n\t\t\t\t<\/div>\n\t\t\t\t<\/div>\n\t\t<div class=\"elementor-element elementor-element-d76366c e-con-full e-flex e-con e-child\" data-id=\"d76366c\" data-element_type=\"container\" data-e-type=\"container\">\n\t\t\t\t<div class=\"elementor-element elementor-element-134d0f2 elementor-widget elementor-widget-text-editor\" data-id=\"134d0f2\" data-element_type=\"widget\" data-e-type=\"widget\" data-widget_type=\"text-editor.default\">\n\t\t\t\t<div class=\"elementor-widget-container\">\n\t\t\t\t\t\t\t\t\t<p><strong>PHOENIX OCP est le leader de la r\u00e9partition pharmaceutique en France.<\/strong> Avec ses deux marques phares, PHOENIX Pharma France et OCP, le groupe apporte son expertise logistique sur l\u2019ensemble du territoire \u00e0 travers 57 \u00e9tablissements, en proposant des offres et services performants et compl\u00e9mentaires \u00e0 ses clients, pharmaciens d\u2019officine et hospitaliers ainsi qu\u2019\u00e0 ses partenaires laboratoires.<\/p><p>Chaque jour, PHOENIX OCP distribue 3 millions de bo\u00eetes de m\u00e9dicaments \u00e0 pr\u00e8s de 40% des pharmacies fran\u00e7aises, avec un catalogue de 36 000 r\u00e9f\u00e9rences disponibles.<br \/>L\u2019entreprise g\u00e8re \u00e9galement le premier r\u00e9seau de pharmacies ind\u00e9pendantes en France, gr\u00e2ce \u00e0 ses quatre groupements : Pharmactiv, Pharmacie R\u00e9f\u00e9rence, Pharmavie et R\u00e9seau Sant\u00e9.<\/p><p>Partenaire de l\u2019ANEPF depuis plus de 20 ans et du master Distribution Pharmaceutique de la facult\u00e9 de pharmacie de Limoges depuis 1987, PHOENIX OCP est fier de soutenir les futurs professionnels de la pharmacie tout au long de leur parcours. De la fourniture en blouses pour les \u00e9tudiants en 2e ann\u00e9e \u00e0 l\u2019accompagnement dans un projet d\u2019installation, en passant par des ateliers p\u00e9dagogiques sur les enjeux du m\u00e9tier de r\u00e9partiteur, PHOENIX OCP est pr\u00e9sent \u00e0 chaque \u00e9tape de leur parcours professionnel.<\/p><p>En 2024, PHOENIX OCP a lanc\u00e9 la PHARM\u2019ACADEMY, le premier programme certifiant du secteur, offrant aux \u00e9tudiants un accompagnement personnalis\u00e9 pour construire leur avenir dans la r\u00e9partition pharmaceutique.<\/p>\t\t\t\t\t\t\t\t<\/div>\n\t\t\t\t<\/div>\n\t\t\t\t<\/div>\n\t\t\t\t<\/div>\n\t\t\t\t\t<\/div>\n\t\t\t\t<\/div>\n\t\t<div class=\"elementor-element elementor-element-8d1f3d5 e-flex e-con-boxed e-con e-parent\" data-id=\"8d1f3d5\" data-element_type=\"container\" data-e-type=\"container\">\n\t\t\t\t\t<div class=\"e-con-inner\">\n\t\t\t\t<div class=\"elementor-element elementor-element-7b007f7 elementor-align-center elementor-widget elementor-widget-button\" data-id=\"7b007f7\" data-element_type=\"widget\" data-e-type=\"widget\" data-widget_type=\"button.default\">\n\t\t\t\t<div class=\"elementor-widget-container\">\n\t\t\t\t\t\t\t\t\t<div class=\"elementor-button-wrapper\">\n\t\t\t\t\t<a class=\"elementor-button elementor-button-link elementor-size-sm\" href=\"https:\/\/pharmalille.net\/index.php\/nos-partenaires\/\">\n\t\t\t\t\t\t<span class=\"elementor-button-content-wrapper\">\n\t\t\t\t\t\t\t\t\t<span class=\"elementor-button-text\">Voir nos autres partenaires<\/span>\n\t\t\t\t\t<\/span>\n\t\t\t\t\t<\/a>\n\t\t\t\t<\/div>\n\t\t\t\t\t\t\t\t<\/div>\n\t\t\t\t<\/div>\n\t\t\t\t\t<\/div>\n\t\t\t\t<\/div>\n\t\t\t\t<\/div>\n\t\t","protected":false},"excerpt":{"rendered":"<p>PHOENIX OCP PHOENIX OCP est le leader de la r\u00e9partition pharmaceutique en France. Avec ses deux marques phares, PHOENIX Pharma France et OCP, le groupe apporte son expertise logistique sur &#8230;<\/p>\n","protected":false},"author":1,"featured_media":0,"parent":0,"menu_order":0,"comment_status":"closed","ping_status":"closed","template":"","meta":{"om_disable_all_campaigns":false,"_monsterinsights_skip_tracking":false,"_monsterinsights_sitenote_active":false,"_monsterinsights_sitenote_note":"","_monsterinsights_sitenote_category":0,"_uf_show_specific_survey":0,"_uf_disable_surveys":false,"footnotes":""},"class_list":["post-478","page","type-page","status-publish","hentry"],"aioseo_notices":[],"_links":{"self":[{"href":"https:\/\/pharmalille.net\/index.php\/wp-json\/wp\/v2\/pages\/478","targetHints":{"allow":["GET"]}}],"collection":[{"href":"https:\/\/pharmalille.net\/index.php\/wp-json\/wp\/v2\/pages"}],"about":[{"href":"https:\/\/pharmalille.net\/index.php\/wp-json\/wp\/v2\/types\/page"}],"author":[{"embeddable":true,"href":"https:\/\/pharmalille.net\/index.php\/wp-json\/wp\/v2\/users\/1"}],"replies":[{"embeddable":true,"href":"https:\/\/pharmalille.net\/index.php\/wp-json\/wp\/v2\/comments?post=478"}],"version-history":[{"count":10,"href":"https:\/\/pharmalille.net\/index.php\/wp-json\/wp\/v2\/pages\/478\/revisions"}],"predecessor-version":[{"id":498,"href":"https:\/\/pharmalille.net\/index.php\/wp-json\/wp\/v2\/pages\/478\/revisions\/498"}],"wp:attachment":[{"href":"https:\/\/pharmalille.net\/index.php\/wp-json\/wp\/v2\/media?parent=478"}],"curies":[{"name":"wp","href":"https:\/\/api.w.org\/{rel}","templated":true}]}}